{"id":5026,"date":"2024-04-05T14:24:20","date_gmt":"2024-04-05T11:24:20","guid":{"rendered":"https:\/\/esteforte.com\/?page_id=5026"},"modified":"2024-04-05T14:24:20","modified_gmt":"2024-04-05T11:24:20","slug":"sac-tedavisi","status":"publish","type":"page","link":"https:\/\/esteforte.com\/index.php\/sac-tedavisi\/","title":{"rendered":"SA\u00c7 TEDAV\u0130S\u0130"},"content":{"rendered":"<section class=\"wpb-content-wrapper\"><p>[vc_row][vc_column]<div class=\"mkdf-blog-list-holder mkdf-bl-standard mkdf-bl-one-column mkdf-large-space mkdf-bl-pag-no-pagination\"  data-type=standard data-number-of-posts=-1 data-number-of-columns=1 data-space-between-items=large data-category=sactedavisi data-orderby=date data-order=ASC data-image-size=full data-title-tag=h4 data-title-transform=uppercase data-excerpt-length=40 data-post-info-section=yes data-post-info-image=yes data-post-info-author=no data-post-info-date=no data-post-info-category=no data-post-info-share=no data-pagination-type=no-pagination data-max-num-pages=0 data-next-page=2>\n    <div class=\"mkdf-bl-wrapper mkdf-outer-space\">\n        <ul class=\"mkdf-blog-list\">\n            <li class=\"mkdf-bl-item mkdf-item-space clearfix\">\n    <div class=\"mkdf-bli-inner\">\n        \n    <div class=\"mkdf-post-image\">\n                <a itemprop=\"url\" href=\"https:\/\/esteforte.com\/index.php\/2024\/03\/01\/fibroblast-kok-hucre-tedavisi\/\" title=\"F\u0130BROBLAST K\u00d6K H\u00dcCRE TEDAV\u0130S\u0130\">\n                        <img loading=\"lazy\" decoding=\"async\" width=\"2240\" height=\"1260\" src=\"https:\/\/esteforte.com\/wp-content\/uploads\/2024\/03\/blog_gorselleri-10.png\" class=\"attachment-full size-full wp-post-image\" alt=\"\" srcset=\"https:\/\/esteforte.com\/wp-content\/uploads\/2024\/03\/blog_gorselleri-10.png 2240w, https:\/\/esteforte.com\/wp-content\/uploads\/2024\/03\/blog_gorselleri-10-300x169.png 300w, https:\/\/esteforte.com\/wp-content\/uploads\/2024\/03\/blog_gorselleri-10-1024x576.png 1024w, https:\/\/esteforte.com\/wp-content\/uploads\/2024\/03\/blog_gorselleri-10-768x432.png 768w, https:\/\/esteforte.com\/wp-content\/uploads\/2024\/03\/blog_gorselleri-10-1536x864.png 1536w, https:\/\/esteforte.com\/wp-content\/uploads\/2024\/03\/blog_gorselleri-10-600x338.png 600w\" sizes=\"auto, (max-width: 2240px) 100vw, 2240px\" \/>                    <\/a>\n                <\/div>\n        <div class=\"mkdf-bli-content\">\n                            <div class=\"mkdf-bli-info\">\n                                    <\/div>\n            \n            \n<h4 itemprop=\"name\" class=\"entry-title mkdf-post-title\" style=\"text-transform: uppercase\">\n<a itemprop=\"url\" href=\"https:\/\/esteforte.com\/index.php\/2024\/03\/01\/fibroblast-kok-hucre-tedavisi\/\" title=\"F\u0130BROBLAST K\u00d6K H\u00dcCRE TEDAV\u0130S\u0130\">\n        F\u0130BROBLAST K\u00d6K H\u00dcCRE TEDAV\u0130S\u0130    <\/a>\n<\/h4>\n            <div class=\"mkdf-bli-excerpt\">\n                        <div class=\"mkdf-post-excerpt-holder\">\n            <p itemprop=\"description\" class=\"mkdf-post-excerpt\">\n                \r\n\r\nFibroblast K\u00f6k H\u00fccre Tedavisi: Sa\u00e7 D\u00f6k\u00fclmesine Kal\u0131c\u0131 \u00c7\u00f6z\u00fcm\r\n\r\nSa\u00e7 tedavisi alan\u0131nda giderek yayg\u0131nla\u015fan ve uzmanlar taraf\u0131ndan hayata ge\u00e7irilen Fibroblast y\u00f6ntemi, k\u00f6k h\u00fccre tedavisi olarak yap\u0131l\u0131r. \u00c7evresel fakt\u00f6rler ve genetik fakt\u00f6rler, beslenme ve uyku al\u0131\u015fkanl\u0131\u011f\u0131, yeterli oranda s\u0131v\u0131 t\u00fcketimi ya da \u00e7e\u015fitli            <\/p>\n        <\/div>\n                        <div class=\"mkdf-post-read-more-button\">\n        <a itemprop=\"url\" href=\"https:\/\/esteforte.com\/index.php\/2024\/03\/01\/fibroblast-kok-hucre-tedavisi\/\" target=\"_self\"  class=\"mkdf-btn mkdf-btn-medium mkdf-btn-simple mkdf-blog-list-button\"  >    <span class=\"mkdf-btn-text\">Devam\u0131<\/span>    <\/a>    <\/div>\n            <\/div>\n        <\/div>\n    <\/div>\n<\/li><li class=\"mkdf-bl-item mkdf-item-space clearfix\">\n    <div class=\"mkdf-bli-inner\">\n        \n    <div class=\"mkdf-post-image\">\n                <a itemprop=\"url\" href=\"https:\/\/esteforte.com\/index.php\/2024\/03\/02\/mezoterapi\/\" title=\"MEZOTERAP\u0130\">\n                        <img loading=\"lazy\" decoding=\"async\" width=\"2240\" height=\"1260\" src=\"https:\/\/esteforte.com\/wp-content\/uploads\/2024\/03\/blog_gorselleri-8.png\" class=\"attachment-full size-full wp-post-image\" alt=\"\" srcset=\"https:\/\/esteforte.com\/wp-content\/uploads\/2024\/03\/blog_gorselleri-8.png 2240w, https:\/\/esteforte.com\/wp-content\/uploads\/2024\/03\/blog_gorselleri-8-300x169.png 300w, https:\/\/esteforte.com\/wp-content\/uploads\/2024\/03\/blog_gorselleri-8-1024x576.png 1024w, https:\/\/esteforte.com\/wp-content\/uploads\/2024\/03\/blog_gorselleri-8-768x432.png 768w, https:\/\/esteforte.com\/wp-content\/uploads\/2024\/03\/blog_gorselleri-8-1536x864.png 1536w, https:\/\/esteforte.com\/wp-content\/uploads\/2024\/03\/blog_gorselleri-8-600x338.png 600w\" sizes=\"auto, (max-width: 2240px) 100vw, 2240px\" \/>                    <\/a>\n                <\/div>\n        <div class=\"mkdf-bli-content\">\n                            <div class=\"mkdf-bli-info\">\n                                    <\/div>\n            \n            \n<h4 itemprop=\"name\" class=\"entry-title mkdf-post-title\" style=\"text-transform: uppercase\">\n<a itemprop=\"url\" href=\"https:\/\/esteforte.com\/index.php\/2024\/03\/02\/mezoterapi\/\" title=\"MEZOTERAP\u0130\">\n        MEZOTERAP\u0130    <\/a>\n<\/h4>\n            <div class=\"mkdf-bli-excerpt\">\n                        <div class=\"mkdf-post-excerpt-holder\">\n            <p itemprop=\"description\" class=\"mkdf-post-excerpt\">\n                \r\n\r\nMezoterapi: Sa\u00e7 D\u00f6k\u00fclmesine Kar\u015f\u0131 Etkili Bir \u00c7\u00f6z\u00fcm\r\n\r\nSa\u00e7 d\u00f6k\u00fclmesi, bir\u00e7ok insan\u0131n hayat\u0131n\u0131 etkileyen bir problemdir. Genetik fakt\u00f6rler, hormonal dengesizlikler, stres ve \u00e7evresel etkenler gibi bir\u00e7ok farkl\u0131 sebepten dolay\u0131 sa\u00e7 d\u00f6k\u00fclmesi ya\u015fanabilir. Mezoterapi, sa\u00e7 d\u00f6k\u00fclmesine kar\u015f\u0131 etkili bir \u00e7\u00f6z\u00fcm olarak \u00f6ne \u00e7\u0131kan            <\/p>\n        <\/div>\n                        <div class=\"mkdf-post-read-more-button\">\n        <a itemprop=\"url\" href=\"https:\/\/esteforte.com\/index.php\/2024\/03\/02\/mezoterapi\/\" target=\"_self\"  class=\"mkdf-btn mkdf-btn-medium mkdf-btn-simple mkdf-blog-list-button\"  >    <span class=\"mkdf-btn-text\">Devam\u0131<\/span>    <\/a>    <\/div>\n            <\/div>\n        <\/div>\n    <\/div>\n<\/li><li class=\"mkdf-bl-item mkdf-item-space clearfix\">\n    <div class=\"mkdf-bli-inner\">\n        \n    <div class=\"mkdf-post-image\">\n                <a itemprop=\"url\" href=\"https:\/\/esteforte.com\/index.php\/2024\/03\/22\/prp-sac-tedavisi\/\" title=\"PRP SA\u00c7 TEDAV\u0130S\u0130\">\n                        <img loading=\"lazy\" decoding=\"async\" width=\"2240\" height=\"1260\" src=\"https:\/\/esteforte.com\/wp-content\/uploads\/2024\/03\/blog_gorselleri-7.png\" class=\"attachment-full size-full wp-post-image\" alt=\"\" srcset=\"https:\/\/esteforte.com\/wp-content\/uploads\/2024\/03\/blog_gorselleri-7.png 2240w, https:\/\/esteforte.com\/wp-content\/uploads\/2024\/03\/blog_gorselleri-7-300x169.png 300w, https:\/\/esteforte.com\/wp-content\/uploads\/2024\/03\/blog_gorselleri-7-1024x576.png 1024w, https:\/\/esteforte.com\/wp-content\/uploads\/2024\/03\/blog_gorselleri-7-768x432.png 768w, https:\/\/esteforte.com\/wp-content\/uploads\/2024\/03\/blog_gorselleri-7-1536x864.png 1536w, https:\/\/esteforte.com\/wp-content\/uploads\/2024\/03\/blog_gorselleri-7-600x338.png 600w\" sizes=\"auto, (max-width: 2240px) 100vw, 2240px\" \/>                    <\/a>\n                <\/div>\n        <div class=\"mkdf-bli-content\">\n                            <div class=\"mkdf-bli-info\">\n                                    <\/div>\n            \n            \n<h4 itemprop=\"name\" class=\"entry-title mkdf-post-title\" style=\"text-transform: uppercase\">\n<a itemprop=\"url\" href=\"https:\/\/esteforte.com\/index.php\/2024\/03\/22\/prp-sac-tedavisi\/\" title=\"PRP SA\u00c7 TEDAV\u0130S\u0130\">\n        PRP SA\u00c7 TEDAV\u0130S\u0130    <\/a>\n<\/h4>\n            <div class=\"mkdf-bli-excerpt\">\n                        <div class=\"mkdf-post-excerpt-holder\">\n            <p itemprop=\"description\" class=\"mkdf-post-excerpt\">\n                \r\n\r\nPRP Sa\u00e7 Tedavisi: Sa\u00e7 D\u00f6k\u00fclmesine Do\u011fal \u00c7\u00f6z\u00fcm\r\n\r\nSa\u00e7 Kayb\u0131n\u0131n Nedenleri\r\n\r\nSa\u00e7lar\u0131m\u0131z fizyolojik olarak ilerleyen ya\u015f, eksik ve d\u00fczensiz beslenme, genetik etkenler, kozmetik \u00fcr\u00fcnlerinin yo\u011fun kullan\u0131m\u0131, stres gibi bir\u00e7ok nedenden dolay\u0131 zay\u0131flar, y\u0131pran\u0131r, g\u00fc\u00e7s\u00fczle\u015fir ve d\u00f6k\u00fclme s\u00fcrecine girer.\r\nSa\u00e7 tellerini korumak i\u00e7in \u00fcretilmi\u015f bir            <\/p>\n        <\/div>\n                        <div class=\"mkdf-post-read-more-button\">\n        <a itemprop=\"url\" href=\"https:\/\/esteforte.com\/index.php\/2024\/03\/22\/prp-sac-tedavisi\/\" target=\"_self\"  class=\"mkdf-btn mkdf-btn-medium mkdf-btn-simple mkdf-blog-list-button\"  >    <span class=\"mkdf-btn-text\">Devam\u0131<\/span>    <\/a>    <\/div>\n            <\/div>\n        <\/div>\n    <\/div>\n<\/li>        <\/ul>\n    <\/div>\n    <\/div>[\/vc_column][\/vc_row]<\/p>\n<\/section>","protected":false},"excerpt":{"rendered":"<p>[vc_row][vc_column][\/vc_column][\/vc_row]<\/p>\n","protected":false},"author":1,"featured_media":0,"parent":0,"menu_order":0,"comment_status":"closed","ping_status":"closed","template":"","meta":{"footnotes":""},"class_list":["post-5026","page","type-page","status-publish","hentry"],"yoast_head":"<!-- This site is optimized with the Yoast SEO plugin v23.1 - https:\/\/yoast.com\/wordpress\/plugins\/seo\/ -->\n<title>SA\u00c7 TEDAV\u0130S\u0130 - Esteforte<\/title>\n<meta name=\"robots\" content=\"index, follow, max-snippet:-1, max-image-preview:large, max-video-preview:-1\" \/>\n<link rel=\"canonical\" href=\"https:\/\/esteforte.com\/index.php\/sac-tedavisi\/\" \/>\n<meta property=\"og:locale\" content=\"tr_TR\" \/>\n<meta property=\"og:type\" content=\"article\" \/>\n<meta property=\"og:title\" content=\"SA\u00c7 TEDAV\u0130S\u0130 - Esteforte\" \/>\n<meta property=\"og:description\" content=\"[vc_row][vc_column][\/vc_column][\/vc_row]\" \/>\n<meta property=\"og:url\" content=\"https:\/\/esteforte.com\/index.php\/sac-tedavisi\/\" \/>\n<meta property=\"og:site_name\" content=\"Esteforte\" \/>\n<meta property=\"article:publisher\" content=\"https:\/\/www.facebook.com\/profile.php?id=61557409695226\" \/>\n<meta name=\"twitter:card\" content=\"summary_large_image\" \/>\n<script type=\"application\/ld+json\" class=\"yoast-schema-graph\">{\"@context\":\"https:\/\/schema.org\",\"@graph\":[{\"@type\":\"WebPage\",\"@id\":\"https:\/\/esteforte.com\/index.php\/sac-tedavisi\/\",\"url\":\"https:\/\/esteforte.com\/index.php\/sac-tedavisi\/\",\"name\":\"SA\u00c7 TEDAV\u0130S\u0130 - Esteforte\",\"isPartOf\":{\"@id\":\"https:\/\/esteforte.com\/#website\"},\"datePublished\":\"2024-04-05T11:24:20+00:00\",\"dateModified\":\"2024-04-05T11:24:20+00:00\",\"breadcrumb\":{\"@id\":\"https:\/\/esteforte.com\/index.php\/sac-tedavisi\/#breadcrumb\"},\"inLanguage\":\"tr\",\"potentialAction\":[{\"@type\":\"ReadAction\",\"target\":[\"https:\/\/esteforte.com\/index.php\/sac-tedavisi\/\"]}]},{\"@type\":\"BreadcrumbList\",\"@id\":\"https:\/\/esteforte.com\/index.php\/sac-tedavisi\/#breadcrumb\",\"itemListElement\":[{\"@type\":\"ListItem\",\"position\":1,\"name\":\"Anasayfa\",\"item\":\"https:\/\/esteforte.com\/\"},{\"@type\":\"ListItem\",\"position\":2,\"name\":\"SA\u00c7 TEDAV\u0130S\u0130\"}]},{\"@type\":\"WebSite\",\"@id\":\"https:\/\/esteforte.com\/#website\",\"url\":\"https:\/\/esteforte.com\/\",\"name\":\"Esteforte\",\"description\":\"\",\"publisher\":{\"@id\":\"https:\/\/esteforte.com\/#organization\"},\"potentialAction\":[{\"@type\":\"SearchAction\",\"target\":{\"@type\":\"EntryPoint\",\"urlTemplate\":\"https:\/\/esteforte.com\/?s={search_term_string}\"},\"query-input\":\"required name=search_term_string\"}],\"inLanguage\":\"tr\"},{\"@type\":\"Organization\",\"@id\":\"https:\/\/esteforte.com\/#organization\",\"name\":\"Esteforte Sa\u00e7 Ekim Merkezi\",\"url\":\"https:\/\/esteforte.com\/\",\"logo\":{\"@type\":\"ImageObject\",\"inLanguage\":\"tr\",\"@id\":\"https:\/\/esteforte.com\/#\/schema\/logo\/image\/\",\"url\":\"https:\/\/esteforte.com\/wp-content\/uploads\/2024\/03\/cropped-logo_black.png\",\"contentUrl\":\"https:\/\/esteforte.com\/wp-content\/uploads\/2024\/03\/cropped-logo_black.png\",\"width\":512,\"height\":512,\"caption\":\"Esteforte Sa\u00e7 Ekim Merkezi\"},\"image\":{\"@id\":\"https:\/\/esteforte.com\/#\/schema\/logo\/image\/\"},\"sameAs\":[\"https:\/\/www.facebook.com\/profile.php?id=61557409695226\",\"https:\/\/www.instagram.com\/estefortee\/\",\"https:\/\/www.linkedin.com\/in\/este-forte-255909300\/\",\"https:\/\/www.youtube.com\/@esteforte\",\"https:\/\/www.tiktok.com\/@estefortee\"]}]}<\/script>\n<!-- \/ Yoast SEO plugin. -->","yoast_head_json":{"title":"SA\u00c7 TEDAV\u0130S\u0130 - Esteforte","robots":{"index":"index","follow":"follow","max-snippet":"max-snippet:-1","max-image-preview":"max-image-preview:large","max-video-preview":"max-video-preview:-1"},"canonical":"https:\/\/esteforte.com\/index.php\/sac-tedavisi\/","og_locale":"tr_TR","og_type":"article","og_title":"SA\u00c7 TEDAV\u0130S\u0130 - Esteforte","og_description":"[vc_row][vc_column][\/vc_column][\/vc_row]","og_url":"https:\/\/esteforte.com\/index.php\/sac-tedavisi\/","og_site_name":"Esteforte","article_publisher":"https:\/\/www.facebook.com\/profile.php?id=61557409695226","twitter_card":"summary_large_image","schema":{"@context":"https:\/\/schema.org","@graph":[{"@type":"WebPage","@id":"https:\/\/esteforte.com\/index.php\/sac-tedavisi\/","url":"https:\/\/esteforte.com\/index.php\/sac-tedavisi\/","name":"SA\u00c7 TEDAV\u0130S\u0130 - Esteforte","isPartOf":{"@id":"https:\/\/esteforte.com\/#website"},"datePublished":"2024-04-05T11:24:20+00:00","dateModified":"2024-04-05T11:24:20+00:00","breadcrumb":{"@id":"https:\/\/esteforte.com\/index.php\/sac-tedavisi\/#breadcrumb"},"inLanguage":"tr","potentialAction":[{"@type":"ReadAction","target":["https:\/\/esteforte.com\/index.php\/sac-tedavisi\/"]}]},{"@type":"BreadcrumbList","@id":"https:\/\/esteforte.com\/index.php\/sac-tedavisi\/#breadcrumb","itemListElement":[{"@type":"ListItem","position":1,"name":"Anasayfa","item":"https:\/\/esteforte.com\/"},{"@type":"ListItem","position":2,"name":"SA\u00c7 TEDAV\u0130S\u0130"}]},{"@type":"WebSite","@id":"https:\/\/esteforte.com\/#website","url":"https:\/\/esteforte.com\/","name":"Esteforte","description":"","publisher":{"@id":"https:\/\/esteforte.com\/#organization"},"potentialAction":[{"@type":"SearchAction","target":{"@type":"EntryPoint","urlTemplate":"https:\/\/esteforte.com\/?s={search_term_string}"},"query-input":"required name=search_term_string"}],"inLanguage":"tr"},{"@type":"Organization","@id":"https:\/\/esteforte.com\/#organization","name":"Esteforte Sa\u00e7 Ekim Merkezi","url":"https:\/\/esteforte.com\/","logo":{"@type":"ImageObject","inLanguage":"tr","@id":"https:\/\/esteforte.com\/#\/schema\/logo\/image\/","url":"https:\/\/esteforte.com\/wp-content\/uploads\/2024\/03\/cropped-logo_black.png","contentUrl":"https:\/\/esteforte.com\/wp-content\/uploads\/2024\/03\/cropped-logo_black.png","width":512,"height":512,"caption":"Esteforte Sa\u00e7 Ekim Merkezi"},"image":{"@id":"https:\/\/esteforte.com\/#\/schema\/logo\/image\/"},"sameAs":["https:\/\/www.facebook.com\/profile.php?id=61557409695226","https:\/\/www.instagram.com\/estefortee\/","https:\/\/www.linkedin.com\/in\/este-forte-255909300\/","https:\/\/www.youtube.com\/@esteforte","https:\/\/www.tiktok.com\/@estefortee"]}]}},"_links":{"self":[{"href":"https:\/\/esteforte.com\/index.php\/wp-json\/wp\/v2\/pages\/5026","targetHints":{"allow":["GET"]}}],"collection":[{"href":"https:\/\/esteforte.com\/index.php\/wp-json\/wp\/v2\/pages"}],"about":[{"href":"https:\/\/esteforte.com\/index.php\/wp-json\/wp\/v2\/types\/page"}],"author":[{"embeddable":true,"href":"https:\/\/esteforte.com\/index.php\/wp-json\/wp\/v2\/users\/1"}],"replies":[{"embeddable":true,"href":"https:\/\/esteforte.com\/index.php\/wp-json\/wp\/v2\/comments?post=5026"}],"version-history":[{"count":2,"href":"https:\/\/esteforte.com\/index.php\/wp-json\/wp\/v2\/pages\/5026\/revisions"}],"predecessor-version":[{"id":5028,"href":"https:\/\/esteforte.com\/index.php\/wp-json\/wp\/v2\/pages\/5026\/revisions\/5028"}],"wp:attachment":[{"href":"https:\/\/esteforte.com\/index.php\/wp-json\/wp\/v2\/media?parent=5026"}],"curies":[{"name":"wp","href":"https:\/\/api.w.org\/{rel}","templated":true}]}}