{"id":5013,"date":"2024-04-05T13:32:09","date_gmt":"2024-04-05T10:32:09","guid":{"rendered":"https:\/\/esteforte.com\/?page_id=5013"},"modified":"2024-04-05T13:37:23","modified_gmt":"2024-04-05T10:37:23","slug":"sac-ekimi","status":"publish","type":"page","link":"https:\/\/esteforte.com\/index.php\/sac-ekimi\/","title":{"rendered":"SA\u00c7 EK\u0130M\u0130"},"content":{"rendered":"<section class=\"wpb-content-wrapper\"><p>[vc_row][vc_column]<div class=\"mkdf-blog-list-holder mkdf-bl-standard mkdf-bl-one-column mkdf-large-space mkdf-bl-pag-no-pagination\"  data-type=standard data-number-of-posts=-1 data-number-of-columns=1 data-space-between-items=large data-category=sacekimi data-orderby=date data-order=ASC data-image-size=full data-title-tag=h4 data-title-transform=uppercase data-excerpt-length=40 data-post-info-section=yes data-post-info-image=yes data-post-info-author=no data-post-info-date=no data-post-info-category=no data-post-info-share=no data-pagination-type=no-pagination data-max-num-pages=0 data-next-page=2>\n    <div class=\"mkdf-bl-wrapper mkdf-outer-space\">\n        <ul class=\"mkdf-blog-list\">\n            <li class=\"mkdf-bl-item mkdf-item-space clearfix\">\n    <div class=\"mkdf-bli-inner\">\n        \n    <div class=\"mkdf-post-image\">\n                <a itemprop=\"url\" href=\"https:\/\/esteforte.com\/index.php\/2024\/03\/21\/sac-ekimi\/\" title=\"SA\u00c7 EK\u0130M\u0130\">\n                        <img loading=\"lazy\" decoding=\"async\" width=\"2240\" height=\"1260\" src=\"https:\/\/esteforte.com\/wp-content\/uploads\/2024\/03\/blog_gorselleri.png\" class=\"attachment-full size-full wp-post-image\" alt=\"\" srcset=\"https:\/\/esteforte.com\/wp-content\/uploads\/2024\/03\/blog_gorselleri.png 2240w, https:\/\/esteforte.com\/wp-content\/uploads\/2024\/03\/blog_gorselleri-300x169.png 300w, https:\/\/esteforte.com\/wp-content\/uploads\/2024\/03\/blog_gorselleri-1024x576.png 1024w, https:\/\/esteforte.com\/wp-content\/uploads\/2024\/03\/blog_gorselleri-768x432.png 768w, https:\/\/esteforte.com\/wp-content\/uploads\/2024\/03\/blog_gorselleri-1536x864.png 1536w, https:\/\/esteforte.com\/wp-content\/uploads\/2024\/03\/blog_gorselleri-600x338.png 600w\" sizes=\"auto, (max-width: 2240px) 100vw, 2240px\" \/>                    <\/a>\n                <\/div>\n        <div class=\"mkdf-bli-content\">\n                            <div class=\"mkdf-bli-info\">\n                                    <\/div>\n            \n            \n<h4 itemprop=\"name\" class=\"entry-title mkdf-post-title\" style=\"text-transform: uppercase\">\n<a itemprop=\"url\" href=\"https:\/\/esteforte.com\/index.php\/2024\/03\/21\/sac-ekimi\/\" title=\"SA\u00c7 EK\u0130M\u0130\">\n        SA\u00c7 EK\u0130M\u0130    <\/a>\n<\/h4>\n            <div class=\"mkdf-bli-excerpt\">\n                        <div class=\"mkdf-post-excerpt-holder\">\n            <p itemprop=\"description\" class=\"mkdf-post-excerpt\">\n                **Sa\u00e7 Ekimi Nedir ve ESTEFORTE Sa\u00e7 Ekimi Merkezi ile Sa\u00e7lar\u0131n\u0131z\u0131 Yeniden Kazan\u0131n!**\r\nSa\u00e7 Ekimi, estetik cerrahi alan\u0131nda \u00f6nemli bir yer tutan bir i\u015flemdir. ESTEFORTE Sa\u00e7 Ekimi Merkezi olarak, sa\u00e7lar\u0131n\u0131z\u0131 yeniden kazanman\u0131za yard\u0131mc\u0131 olmak i\u00e7in en g\u00fcncel ve etkili y\u00f6ntemleri sunuyoruz.\r\n\r\nSa\u00e7 Ekimi,            <\/p>\n        <\/div>\n                        <div class=\"mkdf-post-read-more-button\">\n        <a itemprop=\"url\" href=\"https:\/\/esteforte.com\/index.php\/2024\/03\/21\/sac-ekimi\/\" target=\"_self\"  class=\"mkdf-btn mkdf-btn-medium mkdf-btn-simple mkdf-blog-list-button\"  >    <span class=\"mkdf-btn-text\">Devam\u0131<\/span>    <\/a>    <\/div>\n            <\/div>\n        <\/div>\n    <\/div>\n<\/li><li class=\"mkdf-bl-item mkdf-item-space clearfix\">\n    <div class=\"mkdf-bli-inner\">\n        \n    <div class=\"mkdf-post-image\">\n                <a itemprop=\"url\" href=\"https:\/\/esteforte.com\/index.php\/2024\/03\/22\/kas-ekimi\/\" title=\"KA\u015e EK\u0130M\u0130\">\n                        <img loading=\"lazy\" decoding=\"async\" width=\"2240\" height=\"1260\" src=\"https:\/\/esteforte.com\/wp-content\/uploads\/2024\/03\/blog_gorselleri-1-1.png\" class=\"attachment-full size-full wp-post-image\" alt=\"\" srcset=\"https:\/\/esteforte.com\/wp-content\/uploads\/2024\/03\/blog_gorselleri-1-1.png 2240w, https:\/\/esteforte.com\/wp-content\/uploads\/2024\/03\/blog_gorselleri-1-1-300x169.png 300w, https:\/\/esteforte.com\/wp-content\/uploads\/2024\/03\/blog_gorselleri-1-1-1024x576.png 1024w, https:\/\/esteforte.com\/wp-content\/uploads\/2024\/03\/blog_gorselleri-1-1-768x432.png 768w, https:\/\/esteforte.com\/wp-content\/uploads\/2024\/03\/blog_gorselleri-1-1-1536x864.png 1536w, https:\/\/esteforte.com\/wp-content\/uploads\/2024\/03\/blog_gorselleri-1-1-600x338.png 600w\" sizes=\"auto, (max-width: 2240px) 100vw, 2240px\" \/>                    <\/a>\n                <\/div>\n        <div class=\"mkdf-bli-content\">\n                            <div class=\"mkdf-bli-info\">\n                                    <\/div>\n            \n            \n<h4 itemprop=\"name\" class=\"entry-title mkdf-post-title\" style=\"text-transform: uppercase\">\n<a itemprop=\"url\" href=\"https:\/\/esteforte.com\/index.php\/2024\/03\/22\/kas-ekimi\/\" title=\"KA\u015e EK\u0130M\u0130\">\n        KA\u015e EK\u0130M\u0130    <\/a>\n<\/h4>\n            <div class=\"mkdf-bli-excerpt\">\n                        <div class=\"mkdf-post-excerpt-holder\">\n            <p itemprop=\"description\" class=\"mkdf-post-excerpt\">\n                \r\nKa\u015f Ekimi ile Hayallerinizdeki Ka\u015flara Kavu\u015fun!\r\n\r\nKa\u015flar, y\u00fcz\u00fcm\u00fcz\u00fcn en \u00f6nemli estetik unsurlar\u0131ndan biridir. Y\u00fcz\u00fcm\u00fcze ifade ve anlam katarlar, g\u00f6zlerimizi vurgularlar. Ancak \u00e7e\u015fitli nedenlerden dolay\u0131 ka\u015flar\u0131m\u0131z d\u00f6k\u00fclebilir veya seyrek hale gelebilir. Bu durum, estetik a\u00e7\u0131dan ho\u015f g\u00f6r\u00fcnmedi\u011fi gibi \u00f6zg\u00fcvenimizi de zedeleyebilir.\r\nKa\u015f ekimi,            <\/p>\n        <\/div>\n                        <div class=\"mkdf-post-read-more-button\">\n        <a itemprop=\"url\" href=\"https:\/\/esteforte.com\/index.php\/2024\/03\/22\/kas-ekimi\/\" target=\"_self\"  class=\"mkdf-btn mkdf-btn-medium mkdf-btn-simple mkdf-blog-list-button\"  >    <span class=\"mkdf-btn-text\">Devam\u0131<\/span>    <\/a>    <\/div>\n            <\/div>\n        <\/div>\n    <\/div>\n<\/li><li class=\"mkdf-bl-item mkdf-item-space clearfix\">\n    <div class=\"mkdf-bli-inner\">\n        \n    <div class=\"mkdf-post-image\">\n                <a itemprop=\"url\" href=\"https:\/\/esteforte.com\/index.php\/2024\/03\/22\/sakal-biyik-ekimi\/\" title=\"SAKAL VE BIYIK EK\u0130M\u0130\">\n                        <img loading=\"lazy\" decoding=\"async\" width=\"2240\" height=\"1260\" src=\"https:\/\/esteforte.com\/wp-content\/uploads\/2024\/03\/blog_gorselleri-2.png\" class=\"attachment-full size-full wp-post-image\" alt=\"\" srcset=\"https:\/\/esteforte.com\/wp-content\/uploads\/2024\/03\/blog_gorselleri-2.png 2240w, https:\/\/esteforte.com\/wp-content\/uploads\/2024\/03\/blog_gorselleri-2-300x169.png 300w, https:\/\/esteforte.com\/wp-content\/uploads\/2024\/03\/blog_gorselleri-2-1024x576.png 1024w, https:\/\/esteforte.com\/wp-content\/uploads\/2024\/03\/blog_gorselleri-2-768x432.png 768w, https:\/\/esteforte.com\/wp-content\/uploads\/2024\/03\/blog_gorselleri-2-1536x864.png 1536w, https:\/\/esteforte.com\/wp-content\/uploads\/2024\/03\/blog_gorselleri-2-600x338.png 600w\" sizes=\"auto, (max-width: 2240px) 100vw, 2240px\" \/>                    <\/a>\n                <\/div>\n        <div class=\"mkdf-bli-content\">\n                            <div class=\"mkdf-bli-info\">\n                                    <\/div>\n            \n            \n<h4 itemprop=\"name\" class=\"entry-title mkdf-post-title\" style=\"text-transform: uppercase\">\n<a itemprop=\"url\" href=\"https:\/\/esteforte.com\/index.php\/2024\/03\/22\/sakal-biyik-ekimi\/\" title=\"SAKAL VE BIYIK EK\u0130M\u0130\">\n        SAKAL VE BIYIK EK\u0130M\u0130    <\/a>\n<\/h4>\n            <div class=\"mkdf-bli-excerpt\">\n                        <div class=\"mkdf-post-excerpt-holder\">\n            <p itemprop=\"description\" class=\"mkdf-post-excerpt\">\n                \r\nSakal ve B\u0131y\u0131k Ek\u0130M\u0130: G\u00fc\u00e7l\u00fc ve Dolgun G\u00f6r\u00fcn\u00fcme Kavu\u015fun!\r\n\r\nSakal ve b\u0131y\u0131k, erkeklerin y\u00fcz\u00fcn\u00fc \u015fekillendiren ve mask\u00fclen g\u00f6r\u00fcn\u00fcme katk\u0131da bulunan \u00f6nemli unsurlard\u0131r. Genetik fakt\u00f6rler, hormonal dengesizlikler veya yara izleri gibi \u00e7e\u015fitli nedenlerden dolay\u0131 sakal ve b\u0131y\u0131k b\u00f6lgesinde seyreklik veya d\u00f6k\u00fclme g\u00f6r\u00fclebilir.            <\/p>\n        <\/div>\n                        <div class=\"mkdf-post-read-more-button\">\n        <a itemprop=\"url\" href=\"https:\/\/esteforte.com\/index.php\/2024\/03\/22\/sakal-biyik-ekimi\/\" target=\"_self\"  class=\"mkdf-btn mkdf-btn-medium mkdf-btn-simple mkdf-blog-list-button\"  >    <span class=\"mkdf-btn-text\">Devam\u0131<\/span>    <\/a>    <\/div>\n            <\/div>\n        <\/div>\n    <\/div>\n<\/li>        <\/ul>\n    <\/div>\n    <\/div>[\/vc_column][\/vc_row]<\/p>\n<\/section>","protected":false},"excerpt":{"rendered":"<p>[vc_row][vc_column][\/vc_column][\/vc_row]<\/p>\n","protected":false},"author":1,"featured_media":0,"parent":0,"menu_order":0,"comment_status":"closed","ping_status":"closed","template":"","meta":{"footnotes":""},"class_list":["post-5013","page","type-page","status-publish","hentry"],"yoast_head":"<!-- This site is optimized with the Yoast SEO plugin v23.1 - https:\/\/yoast.com\/wordpress\/plugins\/seo\/ -->\n<title>SA\u00c7 EK\u0130M\u0130 - Esteforte<\/title>\n<meta name=\"robots\" content=\"index, follow, max-snippet:-1, max-image-preview:large, max-video-preview:-1\" \/>\n<link rel=\"canonical\" href=\"https:\/\/esteforte.com\/index.php\/sac-ekimi\/\" \/>\n<meta property=\"og:locale\" content=\"tr_TR\" \/>\n<meta property=\"og:type\" content=\"article\" \/>\n<meta property=\"og:title\" content=\"SA\u00c7 EK\u0130M\u0130 - Esteforte\" \/>\n<meta property=\"og:description\" content=\"[vc_row][vc_column][\/vc_column][\/vc_row]\" \/>\n<meta property=\"og:url\" content=\"https:\/\/esteforte.com\/index.php\/sac-ekimi\/\" \/>\n<meta property=\"og:site_name\" content=\"Esteforte\" \/>\n<meta property=\"article:publisher\" content=\"https:\/\/www.facebook.com\/profile.php?id=61557409695226\" \/>\n<meta property=\"article:modified_time\" content=\"2024-04-05T10:37:23+00:00\" \/>\n<meta name=\"twitter:card\" content=\"summary_large_image\" \/>\n<script type=\"application\/ld+json\" class=\"yoast-schema-graph\">{\"@context\":\"https:\/\/schema.org\",\"@graph\":[{\"@type\":\"WebPage\",\"@id\":\"https:\/\/esteforte.com\/index.php\/sac-ekimi\/\",\"url\":\"https:\/\/esteforte.com\/index.php\/sac-ekimi\/\",\"name\":\"SA\u00c7 EK\u0130M\u0130 - Esteforte\",\"isPartOf\":{\"@id\":\"https:\/\/esteforte.com\/#website\"},\"datePublished\":\"2024-04-05T10:32:09+00:00\",\"dateModified\":\"2024-04-05T10:37:23+00:00\",\"breadcrumb\":{\"@id\":\"https:\/\/esteforte.com\/index.php\/sac-ekimi\/#breadcrumb\"},\"inLanguage\":\"tr\",\"potentialAction\":[{\"@type\":\"ReadAction\",\"target\":[\"https:\/\/esteforte.com\/index.php\/sac-ekimi\/\"]}]},{\"@type\":\"BreadcrumbList\",\"@id\":\"https:\/\/esteforte.com\/index.php\/sac-ekimi\/#breadcrumb\",\"itemListElement\":[{\"@type\":\"ListItem\",\"position\":1,\"name\":\"Anasayfa\",\"item\":\"https:\/\/esteforte.com\/\"},{\"@type\":\"ListItem\",\"position\":2,\"name\":\"SA\u00c7 EK\u0130M\u0130\"}]},{\"@type\":\"WebSite\",\"@id\":\"https:\/\/esteforte.com\/#website\",\"url\":\"https:\/\/esteforte.com\/\",\"name\":\"Esteforte\",\"description\":\"\",\"publisher\":{\"@id\":\"https:\/\/esteforte.com\/#organization\"},\"potentialAction\":[{\"@type\":\"SearchAction\",\"target\":{\"@type\":\"EntryPoint\",\"urlTemplate\":\"https:\/\/esteforte.com\/?s={search_term_string}\"},\"query-input\":\"required name=search_term_string\"}],\"inLanguage\":\"tr\"},{\"@type\":\"Organization\",\"@id\":\"https:\/\/esteforte.com\/#organization\",\"name\":\"Esteforte Sa\u00e7 Ekim Merkezi\",\"url\":\"https:\/\/esteforte.com\/\",\"logo\":{\"@type\":\"ImageObject\",\"inLanguage\":\"tr\",\"@id\":\"https:\/\/esteforte.com\/#\/schema\/logo\/image\/\",\"url\":\"https:\/\/esteforte.com\/wp-content\/uploads\/2024\/03\/cropped-logo_black.png\",\"contentUrl\":\"https:\/\/esteforte.com\/wp-content\/uploads\/2024\/03\/cropped-logo_black.png\",\"width\":512,\"height\":512,\"caption\":\"Esteforte Sa\u00e7 Ekim Merkezi\"},\"image\":{\"@id\":\"https:\/\/esteforte.com\/#\/schema\/logo\/image\/\"},\"sameAs\":[\"https:\/\/www.facebook.com\/profile.php?id=61557409695226\",\"https:\/\/www.instagram.com\/estefortee\/\",\"https:\/\/www.linkedin.com\/in\/este-forte-255909300\/\",\"https:\/\/www.youtube.com\/@esteforte\",\"https:\/\/www.tiktok.com\/@estefortee\"]}]}<\/script>\n<!-- \/ Yoast SEO plugin. -->","yoast_head_json":{"title":"SA\u00c7 EK\u0130M\u0130 - Esteforte","robots":{"index":"index","follow":"follow","max-snippet":"max-snippet:-1","max-image-preview":"max-image-preview:large","max-video-preview":"max-video-preview:-1"},"canonical":"https:\/\/esteforte.com\/index.php\/sac-ekimi\/","og_locale":"tr_TR","og_type":"article","og_title":"SA\u00c7 EK\u0130M\u0130 - Esteforte","og_description":"[vc_row][vc_column][\/vc_column][\/vc_row]","og_url":"https:\/\/esteforte.com\/index.php\/sac-ekimi\/","og_site_name":"Esteforte","article_publisher":"https:\/\/www.facebook.com\/profile.php?id=61557409695226","article_modified_time":"2024-04-05T10:37:23+00:00","twitter_card":"summary_large_image","schema":{"@context":"https:\/\/schema.org","@graph":[{"@type":"WebPage","@id":"https:\/\/esteforte.com\/index.php\/sac-ekimi\/","url":"https:\/\/esteforte.com\/index.php\/sac-ekimi\/","name":"SA\u00c7 EK\u0130M\u0130 - Esteforte","isPartOf":{"@id":"https:\/\/esteforte.com\/#website"},"datePublished":"2024-04-05T10:32:09+00:00","dateModified":"2024-04-05T10:37:23+00:00","breadcrumb":{"@id":"https:\/\/esteforte.com\/index.php\/sac-ekimi\/#breadcrumb"},"inLanguage":"tr","potentialAction":[{"@type":"ReadAction","target":["https:\/\/esteforte.com\/index.php\/sac-ekimi\/"]}]},{"@type":"BreadcrumbList","@id":"https:\/\/esteforte.com\/index.php\/sac-ekimi\/#breadcrumb","itemListElement":[{"@type":"ListItem","position":1,"name":"Anasayfa","item":"https:\/\/esteforte.com\/"},{"@type":"ListItem","position":2,"name":"SA\u00c7 EK\u0130M\u0130"}]},{"@type":"WebSite","@id":"https:\/\/esteforte.com\/#website","url":"https:\/\/esteforte.com\/","name":"Esteforte","description":"","publisher":{"@id":"https:\/\/esteforte.com\/#organization"},"potentialAction":[{"@type":"SearchAction","target":{"@type":"EntryPoint","urlTemplate":"https:\/\/esteforte.com\/?s={search_term_string}"},"query-input":"required name=search_term_string"}],"inLanguage":"tr"},{"@type":"Organization","@id":"https:\/\/esteforte.com\/#organization","name":"Esteforte Sa\u00e7 Ekim Merkezi","url":"https:\/\/esteforte.com\/","logo":{"@type":"ImageObject","inLanguage":"tr","@id":"https:\/\/esteforte.com\/#\/schema\/logo\/image\/","url":"https:\/\/esteforte.com\/wp-content\/uploads\/2024\/03\/cropped-logo_black.png","contentUrl":"https:\/\/esteforte.com\/wp-content\/uploads\/2024\/03\/cropped-logo_black.png","width":512,"height":512,"caption":"Esteforte Sa\u00e7 Ekim Merkezi"},"image":{"@id":"https:\/\/esteforte.com\/#\/schema\/logo\/image\/"},"sameAs":["https:\/\/www.facebook.com\/profile.php?id=61557409695226","https:\/\/www.instagram.com\/estefortee\/","https:\/\/www.linkedin.com\/in\/este-forte-255909300\/","https:\/\/www.youtube.com\/@esteforte","https:\/\/www.tiktok.com\/@estefortee"]}]}},"_links":{"self":[{"href":"https:\/\/esteforte.com\/index.php\/wp-json\/wp\/v2\/pages\/5013","targetHints":{"allow":["GET"]}}],"collection":[{"href":"https:\/\/esteforte.com\/index.php\/wp-json\/wp\/v2\/pages"}],"about":[{"href":"https:\/\/esteforte.com\/index.php\/wp-json\/wp\/v2\/types\/page"}],"author":[{"embeddable":true,"href":"https:\/\/esteforte.com\/index.php\/wp-json\/wp\/v2\/users\/1"}],"replies":[{"embeddable":true,"href":"https:\/\/esteforte.com\/index.php\/wp-json\/wp\/v2\/comments?post=5013"}],"version-history":[{"count":1,"href":"https:\/\/esteforte.com\/index.php\/wp-json\/wp\/v2\/pages\/5013\/revisions"}],"predecessor-version":[{"id":5014,"href":"https:\/\/esteforte.com\/index.php\/wp-json\/wp\/v2\/pages\/5013\/revisions\/5014"}],"wp:attachment":[{"href":"https:\/\/esteforte.com\/index.php\/wp-json\/wp\/v2\/media?parent=5013"}],"curies":[{"name":"wp","href":"https:\/\/api.w.org\/{rel}","templated":true}]}}