{"id":448,"date":"2018-04-04T07:58:03","date_gmt":"2018-04-04T07:58:03","guid":{"rendered":"http:\/\/curly.mikado-themes.com\/?page_id=448"},"modified":"2026-03-19T11:21:30","modified_gmt":"2026-03-19T08:21:30","slug":"iletisim","status":"publish","type":"page","link":"https:\/\/esteforte.com\/index.php\/iletisim\/","title":{"rendered":"\u0130LET\u0130\u015e\u0130M"},"content":{"rendered":"<section class=\"wpb-content-wrapper\"><p>[vc_row][vc_column]<div class=\"mkdf-google-map-holder\">\n    <div class=\"mkdf-google-map\" id=\"mkdf-map-1876729\" data-addresses='[\"Cumhuriyet, Fedakar Sk. No:7, 34520 Beylikd\u00fcz\u00fc\/\u0130stanbul\"]' data-custom-map-style=no data-color-overlay=#393939 data-saturation=-100 data-lightness=-60 data-zoom=16 data-pin=https:\/\/esteforte.com\/wp-content\/uploads\/2018\/04\/p-pin-icon-1.png data-unique-id=1876729 data-scroll-wheel=no data-height=500 data-snazzy-map-style=yes><\/div>\n    \t\t        <input type=\"hidden\" class=\"mkdf-snazzy-map\" value=\"`{`\n{\n``featureType``: ``all``,\n``elementType``: ``labels``,\n``stylers``: `{`\n{\n``visibility``: ``on``\n}\n`}`\n},\n{\n``featureType``: ``all``,\n``elementType``: ``labels.text.fill``,\n``stylers``: `{`\n{\n``saturation``: 36\n},\n{\n``color``: ``#000000``\n},\n{\n``lightness``: 40\n}\n`}`\n},\n{\n``featureType``: ``all``,\n``elementType``: ``labels.text.stroke``,\n``stylers``: `{`\n{\n``visibility``: ``on``\n},\n{\n``color``: ``#000000``\n},\n{\n``lightness``: 16\n}\n`}`\n},\n{\n``featureType``: ``all``,\n``elementType``: ``labels.icon``,\n``stylers``: `{`\n{\n``visibility``: ``off``\n}\n`}`\n},\n{\n``featureType``: ``administrative``,\n``elementType``: ``geometry.fill``,\n``stylers``: `{`\n{\n``color``: ``#000000``\n},\n{\n``lightness``: 20\n}\n`}`\n},\n{\n``featureType``: ``administrative``,\n``elementType``: ``geometry.stroke``,\n``stylers``: `{`\n{\n``color``: ``#000000``\n},\n{\n``lightness``: 17\n},\n{\n``weight``: 1.2\n}\n`}`\n},\n{\n``featureType``: ``administrative.country``,\n``elementType``: ``labels.text.fill``,\n``stylers``: `{`\n{\n``color``: ``#e5c163``\n}\n`}`\n},\n{\n``featureType``: ``administrative.locality``,\n``elementType``: ``labels.text.fill``,\n``stylers``: `{`\n{\n``color``: ``#c4c4c4``\n}\n`}`\n},\n{\n``featureType``: ``administrative.neighborhood``,\n``elementType``: ``labels.text.fill``,\n``stylers``: `{`\n{\n``color``: ``#e5c163``\n}\n`}`\n},\n{\n``featureType``: ``landscape``,\n``elementType``: ``geometry``,\n``stylers``: `{`\n{\n``color``: ``#000000``\n},\n{\n``lightness``: 20\n}\n`}`\n},\n{\n``featureType``: ``poi``,\n``elementType``: ``geometry``,\n``stylers``: `{`\n{\n``color``: ``#000000``\n},\n{\n``lightness``: 21\n},\n{\n``visibility``: ``on``\n}\n`}`\n},\n{\n``featureType``: ``poi.business``,\n``elementType``: ``geometry``,\n``stylers``: `{`\n{\n``visibility``: ``on``\n}\n`}`\n},\n{\n``featureType``: ``road.highway``,\n``elementType``: ``geometry.fill``,\n``stylers``: `{`\n{\n``color``: ``#e5c163``\n},\n{\n``lightness``: ``0``\n}\n`}`\n},\n{\n``featureType``: ``road.highway``,\n``elementType``: ``geometry.stroke``,\n``stylers``: `{`\n{\n``visibility``: ``off``\n}\n`}`\n},\n{\n``featureType``: ``road.highway``,\n``elementType``: ``labels.text.fill``,\n``stylers``: `{`\n{\n``color``: ``#ffffff``\n}\n`}`\n},\n{\n``featureType``: ``road.highway``,\n``elementType``: ``labels.text.stroke``,\n``stylers``: `{`\n{\n``color``: ``#e5c163``\n}\n`}`\n},\n{\n``featureType``: ``road.arterial``,\n``elementType``: ``geometry``,\n``stylers``: `{`\n{\n``color``: ``#000000``\n},\n{\n``lightness``: 18\n}\n`}`\n},\n{\n``featureType``: ``road.arterial``,\n``elementType``: ``geometry.fill``,\n``stylers``: `{`\n{\n``color``: ``#575757``\n}\n`}`\n},\n{\n``featureType``: ``road.arterial``,\n``elementType``: ``labels.text.fill``,\n``stylers``: `{`\n{\n``color``: ``#ffffff``\n}\n`}`\n},\n{\n``featureType``: ``road.arterial``,\n``elementType``: ``labels.text.stroke``,\n``stylers``: `{`\n{\n``color``: ``#2c2c2c``\n}\n`}`\n},\n{\n``featureType``: ``road.local``,\n``elementType``: ``geometry``,\n``stylers``: `{`\n{\n``color``: ``#000000``\n},\n{\n``lightness``: 16\n}\n`}`\n},\n{\n``featureType``: ``road.local``,\n``elementType``: ``labels.text.fill``,\n``stylers``: `{`\n{\n``color``: ``#999999``\n}\n`}`\n},\n{\n``featureType``: ``transit``,\n``elementType``: ``geometry``,\n``stylers``: `{`\n{\n``color``: ``#000000``\n},\n{\n``lightness``: 19\n}\n`}`\n},\n{\n``featureType``: ``water``,\n``elementType``: ``geometry``,\n``stylers``: `{`\n{\n``color``: ``#000000``\n},\n{\n``lightness``: 17\n}\n`}`\n}\n`}`\"\/>\n                <div class=\"mkdf-google-map-overlay\"><\/div>\n    <\/div>\n[\/vc_column][\/vc_row][vc_row content_placement=&#8221;top&#8221; row_content_width=&#8221;grid&#8221; content_text_aligment=&#8221;left&#8221; css=&#8221;.vc_custom_1524747980932{padding-top: 139px !important;padding-bottom: 49px !important;}&#8221;][vc_column offset=&#8221;vc_col-lg-offset-0 vc_col-lg-5 vc_col-md-offset-0 vc_col-md-12 vc_col-sm-offset-0 vc_col-xs-12&#8243; css=&#8221;.vc_custom_1526029383754{padding-right: 10% !important;}&#8221;][vc_empty_space height=&#8221;11px&#8221;]\n<div class=\"wpcf7 no-js\" id=\"wpcf7-f447-o1\" lang=\"en-US\" dir=\"ltr\">\n<div class=\"screen-reader-response\"><p role=\"status\" aria-live=\"polite\" aria-atomic=\"true\"><\/p> <ul><\/ul><\/div>\n<form action=\"\/index.php\/wp-json\/wp\/v2\/pages\/448#wpcf7-f447-o1\" method=\"post\" class=\"wpcf7-form init\" aria-label=\"Contact form\" novalidate=\"novalidate\" data-status=\"init\">\n<div style=\"display: none;\">\n<input type=\"hidden\" name=\"_wpcf7\" value=\"447\" \/>\n<input type=\"hidden\" name=\"_wpcf7_version\" value=\"5.9.8\" \/>\n<input type=\"hidden\" name=\"_wpcf7_locale\" value=\"en_US\" \/>\n<input type=\"hidden\" name=\"_wpcf7_unit_tag\" value=\"wpcf7-f447-o1\" \/>\n<input type=\"hidden\" name=\"_wpcf7_container_post\" value=\"0\" \/>\n<input type=\"hidden\" name=\"_wpcf7_posted_data_hash\" value=\"\" \/>\n<\/div>\n<div class=\"mkdf-grid-row mkdf-grid-small-gutter\">\n   <div class=\"mkdf-grid-col-12\">\n      <span class=\"wpcf7-form-control-wrap\" data-name=\"your-name\"><input size=\"40\" maxlength=\"400\" class=\"wpcf7-form-control wpcf7-text wpcf7-validates-as-required\" aria-required=\"true\" aria-invalid=\"false\" placeholder=\"Ad\u0131n\u0131z\" value=\"\" type=\"text\" name=\"your-name\" \/><\/span>\n   <\/div>\n   <div class=\"mkdf-grid-col-12\">\n       <span class=\"wpcf7-form-control-wrap\" data-name=\"email\"><input size=\"40\" maxlength=\"400\" class=\"wpcf7-form-control wpcf7-email wpcf7-validates-as-required wpcf7-text wpcf7-validates-as-email\" aria-required=\"true\" aria-invalid=\"false\" placeholder=\"E-Posta\" value=\"\" type=\"email\" name=\"email\" \/><\/span>\n   <\/div>\n   <div class=\"mkdf-grid-col-12\">\n       <span class=\"wpcf7-form-control-wrap\" data-name=\"your-message\"><textarea cols=\"40\" rows=\"10\" maxlength=\"2000\" class=\"wpcf7-form-control wpcf7-textarea\" aria-invalid=\"false\" placeholder=\"\u0130letmek istedi\u011finiz mesaj\u0131n\u0131z\u0131 l\u00fctfen bu alana yaz\u0131n\u0131z...\" name=\"your-message\"><\/textarea><\/span>\n   <\/div>\n   <div class=\"mkdf-grid-col-12\">\n       <input class=\"wpcf7-form-control wpcf7-submit has-spinner\" type=\"submit\" value=\"G\u00f6nder\" \/>\n   <\/div>\n<\/div><div class=\"wpcf7-response-output\" aria-hidden=\"true\"><\/div>\n<\/form>\n<\/div>\n[vc_empty_space height=&#8221;68px&#8221;][\/vc_column][vc_column offset=&#8221;vc_col-lg-6 vc_col-md-12&#8243;][vc_column_text]<\/p>\n<h2 data-sourcepos=\"1:1-1:14\">Bize Ula\u015f\u0131n<\/h2>\n<p>[\/vc_column_text][vc_column_text]<\/p>\n<p data-sourcepos=\"3:1-3:184\">Esteforte olarak, sa\u00e7 ve cilt problemleriniz i\u00e7in en do\u011fru \u00e7\u00f6z\u00fcmleri sunmak i\u00e7in buraday\u0131z. Uzman ekibimiz ve son teknoloji ekipmanlar\u0131m\u0131z ile size en iyi hizmeti sunmay\u0131 ilke edindik.<\/p>\n<p data-sourcepos=\"5:1-5:74\">Her t\u00fcrl\u00fc sorunuz ve randevu talepleriniz i\u00e7in bize ula\u015fmaktan \u00e7ekinmeyin.<\/p>\n<p>[\/vc_column_text]<div class=\"mkdf-elements-holder   mkdf-one-column  mkdf-responsive-mode-768 \" ><div class=\"mkdf-eh-item    \"  data-item-class=\"mkdf-eh-custom-7524\" data-1366-1600=\"43px 59% 65px 0px\" data-1024-1366=\"43px 47% 55px 0px\" data-768-1024=\"43px 66% 55px 0px\" data-680-768=\"43px 54% 55px 0px\" data-680=\"43px 0% 55px 0px\">\n    <div class=\"mkdf-eh-item-inner\">\n        <div class=\"mkdf-eh-item-content mkdf-eh-custom-7524\" style=\"padding: 43px 56% 65px 0px\">\n            <div class=\"mkdf-iwt clearfix  mkdf-iwt-icon-left mkdf-iwt-icon-small\">\n    <div class=\"mkdf-iwt-icon\">\n                <a itemprop=\"url\" href=\"https:\/\/maps.app.goo.gl\/ST5zfnxA6bvAZXKU9\" target=\"_blank\">\n                                            <span class=\"mkdf-icon-shortcode mkdf-normal   mkdf-icon-small\"  >\n                    <i class=\"mkdf-icon-font-awesome fa fa-map-marker mkdf-icon-element\" style=\"font-size:20px\" ><\/i>                <\/span>\n                                    <\/a>\n        <\/div>\n    <div class=\"mkdf-iwt-content\" style=\"padding-left: 23px\">\n                    <p class=\"mkdf-iwt-text\" style=\"margin-top: 5px\">Cumhuriyet Mah. Fedakar Sok. No:7 34520 Beylikd\u00fcz\u00fc \/ \u0130stanbul<\/p>\n    <\/div>\n<\/div>[vc_empty_space height=&#8221;21px&#8221;]<div class=\"mkdf-iwt clearfix  mkdf-iwt-icon-left mkdf-iwt-icon-small\">\n    <div class=\"mkdf-iwt-icon\">\n                <a itemprop=\"url\" href=\"mailto:info@esteforte.com\" target=\"_self\">\n                                            <span class=\"mkdf-icon-shortcode mkdf-normal   mkdf-icon-small\"  >\n                    <i class=\"mkdf-icon-font-awesome fa fa-envelope mkdf-icon-element\" style=\"font-size:20px\" ><\/i>                <\/span>\n                                    <\/a>\n        <\/div>\n    <div class=\"mkdf-iwt-content\" style=\"padding-left: 14px\">\n                    <p class=\"mkdf-iwt-text\" style=\"margin-top: 5px\">info@esteforte.com<\/p>\n    <\/div>\n<\/div><div class=\"mkdf-iwt clearfix  mkdf-iwt-icon-left mkdf-iwt-icon-small\">\n    <div class=\"mkdf-iwt-icon\">\n                <a itemprop=\"url\" href=\"mailto:estefortee@gmail.com\" target=\"_self\">\n                                            <span class=\"mkdf-icon-shortcode mkdf-normal   mkdf-icon-small\"  >\n                    <i class=\"mkdf-icon-font-awesome fa fa-envelope mkdf-icon-element\" style=\"font-size:20px\" ><\/i>                <\/span>\n                                    <\/a>\n        <\/div>\n    <div class=\"mkdf-iwt-content\" style=\"padding-left: 14px\">\n                    <p class=\"mkdf-iwt-text\" style=\"margin-top: 5px\">estefortee@gmail.com<\/p>\n    <\/div>\n<\/div><div class=\"mkdf-iwt clearfix  mkdf-iwt-icon-left mkdf-iwt-icon-small\">\n    <div class=\"mkdf-iwt-icon\">\n                <a itemprop=\"url\" href=\"\" target=\"_self\">\n                                            <span class=\"mkdf-icon-shortcode mkdf-normal   mkdf-icon-small\"  >\n                    <i class=\"mkdf-icon-font-awesome fa fa-phone mkdf-icon-element\" style=\"font-size:20px\" ><\/i>                <\/span>\n                                    <\/a>\n        <\/div>\n    <div class=\"mkdf-iwt-content\" style=\"padding-left: 19px\">\n                    <p class=\"mkdf-iwt-text\" style=\"margin-top: 5px\">0 542 548 15 56<\/p>\n    <\/div>\n<\/div>        <\/div>\n    <\/div>\n<\/div><\/div>[vc_column_text]<\/p>\n<p data-sourcepos=\"19:1-19:17\"><strong>Sosyal Medya:<\/strong><\/p>\n<ul data-sourcepos=\"21:1-24:0\">\n<li data-sourcepos=\"21:1-21:24\"><a href=\"https:\/\/www.facebook.com\/profile.php?id=61557409695226\">Facebook: @Esteforte<\/a><\/li>\n<li data-sourcepos=\"22:1-22:26\"><a href=\"https:\/\/www.instagram.com\/estefortee\/\">Instagram: @Esteforte<\/a><\/li>\n<li data-sourcepos=\"23:1-24:0\"><a href=\"https:\/\/www.tiktok.com\/@estefortee\">Tiktok: @Esteforte<\/a><\/li>\n<\/ul>\n<p><strong>Mesai Saatlerimiz:<\/strong><\/p>\n<p data-sourcepos=\"27:1-27:24\">Hafta i\u00e7i: 09:00 &#8211; 19:00<\/p>\n<p data-sourcepos=\"29:1-29:18\">Hafta sonu Cumartesi: 10:00 &#8211; 17:00<\/p>\n<p data-sourcepos=\"31:1-31:49\"><strong>Esteforte ile hayalinizdeki g\u00f6r\u00fcn\u00fcme kavu\u015fun!<\/strong><\/p>\n<p>[\/vc_column_text][\/vc_column][\/vc_row]<\/p>\n<\/section>","protected":false},"excerpt":{"rendered":"<p>[vc_row][vc_column][\/vc_column][\/vc_row][vc_row content_placement=&#8221;top&#8221; row_content_width=&#8221;grid&#8221; content_text_aligment=&#8221;left&#8221; css=&#8221;.vc_custom_1524747980932{padding-top: 139px !important;padding-bottom: 49px !important;}&#8221;][vc_column offset=&#8221;vc_col-lg-offset-0 vc_col-lg-5 vc_col-md-offset-0 vc_col-md-12 vc_col-sm-offset-0 vc_col-xs-12&#8243; css=&#8221;.vc_custom_1526029383754{padding-right: 10% !important;}&#8221;][vc_empty_space height=&#8221;11px&#8221;][vc_empty_space height=&#8221;68px&#8221;][\/vc_column][vc_column offset=&#8221;vc_col-lg-6 vc_col-md-12&#8243;][vc_column_text] Bize Ula\u015f\u0131n [\/vc_column_text][vc_column_text] Esteforte olarak, sa\u00e7 ve cilt problemleriniz i\u00e7in en do\u011fru \u00e7\u00f6z\u00fcmleri sunmak i\u00e7in buraday\u0131z. Uzman ekibimiz [&hellip;]<\/p>\n","protected":false},"author":1,"featured_media":0,"parent":0,"menu_order":0,"comment_status":"closed","ping_status":"closed","template":"full-width.php","meta":{"footnotes":""},"class_list":["post-448","page","type-page","status-publish","hentry"],"yoast_head":"<!-- This site is optimized with the Yoast SEO plugin v23.1 - https:\/\/yoast.com\/wordpress\/plugins\/seo\/ -->\n<title>\u0130LET\u0130\u015e\u0130M - Esteforte<\/title>\n<meta name=\"robots\" content=\"index, follow, max-snippet:-1, max-image-preview:large, max-video-preview:-1\" \/>\n<link rel=\"canonical\" href=\"https:\/\/esteforte.com\/index.php\/iletisim\/\" \/>\n<meta property=\"og:locale\" content=\"tr_TR\" \/>\n<meta property=\"og:type\" content=\"article\" \/>\n<meta property=\"og:title\" content=\"\u0130LET\u0130\u015e\u0130M - Esteforte\" \/>\n<meta property=\"og:description\" content=\"[vc_row][vc_column][\/vc_column][\/vc_row][vc_row content_placement=&#8221;top&#8221; row_content_width=&#8221;grid&#8221; content_text_aligment=&#8221;left&#8221; css=&#8221;.vc_custom_1524747980932{padding-top: 139px !important;padding-bottom: 49px !important;}&#8221;][vc_column offset=&#8221;vc_col-lg-offset-0 vc_col-lg-5 vc_col-md-offset-0 vc_col-md-12 vc_col-sm-offset-0 vc_col-xs-12&#8243; css=&#8221;.vc_custom_1526029383754{padding-right: 10% !important;}&#8221;][vc_empty_space height=&#8221;11px&#8221;][vc_empty_space height=&#8221;68px&#8221;][\/vc_column][vc_column offset=&#8221;vc_col-lg-6 vc_col-md-12&#8243;][vc_column_text] Bize Ula\u015f\u0131n [\/vc_column_text][vc_column_text] Esteforte olarak, sa\u00e7 ve cilt problemleriniz i\u00e7in en do\u011fru \u00e7\u00f6z\u00fcmleri sunmak i\u00e7in buraday\u0131z. Uzman ekibimiz [&hellip;]\" \/>\n<meta property=\"og:url\" content=\"https:\/\/esteforte.com\/index.php\/iletisim\/\" \/>\n<meta property=\"og:site_name\" content=\"Esteforte\" \/>\n<meta property=\"article:publisher\" content=\"https:\/\/www.facebook.com\/profile.php?id=61557409695226\" \/>\n<meta property=\"article:modified_time\" content=\"2026-03-19T08:21:30+00:00\" \/>\n<meta name=\"twitter:card\" content=\"summary_large_image\" \/>\n<meta name=\"twitter:label1\" content=\"Tahmini okuma s\u00fcresi\" \/>\n\t<meta name=\"twitter:data1\" content=\"3 dakika\" \/>\n<script type=\"application\/ld+json\" class=\"yoast-schema-graph\">{\"@context\":\"https:\/\/schema.org\",\"@graph\":[{\"@type\":\"WebPage\",\"@id\":\"https:\/\/esteforte.com\/index.php\/iletisim\/\",\"url\":\"https:\/\/esteforte.com\/index.php\/iletisim\/\",\"name\":\"\u0130LET\u0130\u015e\u0130M - Esteforte\",\"isPartOf\":{\"@id\":\"https:\/\/esteforte.com\/#website\"},\"datePublished\":\"2018-04-04T07:58:03+00:00\",\"dateModified\":\"2026-03-19T08:21:30+00:00\",\"breadcrumb\":{\"@id\":\"https:\/\/esteforte.com\/index.php\/iletisim\/#breadcrumb\"},\"inLanguage\":\"tr\",\"potentialAction\":[{\"@type\":\"ReadAction\",\"target\":[\"https:\/\/esteforte.com\/index.php\/iletisim\/\"]}]},{\"@type\":\"BreadcrumbList\",\"@id\":\"https:\/\/esteforte.com\/index.php\/iletisim\/#breadcrumb\",\"itemListElement\":[{\"@type\":\"ListItem\",\"position\":1,\"name\":\"Anasayfa\",\"item\":\"https:\/\/esteforte.com\/\"},{\"@type\":\"ListItem\",\"position\":2,\"name\":\"\u0130LET\u0130\u015e\u0130M\"}]},{\"@type\":\"WebSite\",\"@id\":\"https:\/\/esteforte.com\/#website\",\"url\":\"https:\/\/esteforte.com\/\",\"name\":\"Esteforte\",\"description\":\"\",\"publisher\":{\"@id\":\"https:\/\/esteforte.com\/#organization\"},\"potentialAction\":[{\"@type\":\"SearchAction\",\"target\":{\"@type\":\"EntryPoint\",\"urlTemplate\":\"https:\/\/esteforte.com\/?s={search_term_string}\"},\"query-input\":\"required name=search_term_string\"}],\"inLanguage\":\"tr\"},{\"@type\":\"Organization\",\"@id\":\"https:\/\/esteforte.com\/#organization\",\"name\":\"Esteforte Sa\u00e7 Ekim Merkezi\",\"url\":\"https:\/\/esteforte.com\/\",\"logo\":{\"@type\":\"ImageObject\",\"inLanguage\":\"tr\",\"@id\":\"https:\/\/esteforte.com\/#\/schema\/logo\/image\/\",\"url\":\"https:\/\/esteforte.com\/wp-content\/uploads\/2024\/03\/cropped-logo_black.png\",\"contentUrl\":\"https:\/\/esteforte.com\/wp-content\/uploads\/2024\/03\/cropped-logo_black.png\",\"width\":512,\"height\":512,\"caption\":\"Esteforte Sa\u00e7 Ekim Merkezi\"},\"image\":{\"@id\":\"https:\/\/esteforte.com\/#\/schema\/logo\/image\/\"},\"sameAs\":[\"https:\/\/www.facebook.com\/profile.php?id=61557409695226\",\"https:\/\/www.instagram.com\/estefortee\/\",\"https:\/\/www.linkedin.com\/in\/este-forte-255909300\/\",\"https:\/\/www.youtube.com\/@esteforte\",\"https:\/\/www.tiktok.com\/@estefortee\"]}]}<\/script>\n<!-- \/ Yoast SEO plugin. -->","yoast_head_json":{"title":"\u0130LET\u0130\u015e\u0130M - Esteforte","robots":{"index":"index","follow":"follow","max-snippet":"max-snippet:-1","max-image-preview":"max-image-preview:large","max-video-preview":"max-video-preview:-1"},"canonical":"https:\/\/esteforte.com\/index.php\/iletisim\/","og_locale":"tr_TR","og_type":"article","og_title":"\u0130LET\u0130\u015e\u0130M - Esteforte","og_description":"[vc_row][vc_column][\/vc_column][\/vc_row][vc_row content_placement=&#8221;top&#8221; row_content_width=&#8221;grid&#8221; content_text_aligment=&#8221;left&#8221; css=&#8221;.vc_custom_1524747980932{padding-top: 139px !important;padding-bottom: 49px !important;}&#8221;][vc_column offset=&#8221;vc_col-lg-offset-0 vc_col-lg-5 vc_col-md-offset-0 vc_col-md-12 vc_col-sm-offset-0 vc_col-xs-12&#8243; css=&#8221;.vc_custom_1526029383754{padding-right: 10% !important;}&#8221;][vc_empty_space height=&#8221;11px&#8221;][vc_empty_space height=&#8221;68px&#8221;][\/vc_column][vc_column offset=&#8221;vc_col-lg-6 vc_col-md-12&#8243;][vc_column_text] Bize Ula\u015f\u0131n [\/vc_column_text][vc_column_text] Esteforte olarak, sa\u00e7 ve cilt problemleriniz i\u00e7in en do\u011fru \u00e7\u00f6z\u00fcmleri sunmak i\u00e7in buraday\u0131z. Uzman ekibimiz [&hellip;]","og_url":"https:\/\/esteforte.com\/index.php\/iletisim\/","og_site_name":"Esteforte","article_publisher":"https:\/\/www.facebook.com\/profile.php?id=61557409695226","article_modified_time":"2026-03-19T08:21:30+00:00","twitter_card":"summary_large_image","twitter_misc":{"Tahmini okuma s\u00fcresi":"3 dakika"},"schema":{"@context":"https:\/\/schema.org","@graph":[{"@type":"WebPage","@id":"https:\/\/esteforte.com\/index.php\/iletisim\/","url":"https:\/\/esteforte.com\/index.php\/iletisim\/","name":"\u0130LET\u0130\u015e\u0130M - Esteforte","isPartOf":{"@id":"https:\/\/esteforte.com\/#website"},"datePublished":"2018-04-04T07:58:03+00:00","dateModified":"2026-03-19T08:21:30+00:00","breadcrumb":{"@id":"https:\/\/esteforte.com\/index.php\/iletisim\/#breadcrumb"},"inLanguage":"tr","potentialAction":[{"@type":"ReadAction","target":["https:\/\/esteforte.com\/index.php\/iletisim\/"]}]},{"@type":"BreadcrumbList","@id":"https:\/\/esteforte.com\/index.php\/iletisim\/#breadcrumb","itemListElement":[{"@type":"ListItem","position":1,"name":"Anasayfa","item":"https:\/\/esteforte.com\/"},{"@type":"ListItem","position":2,"name":"\u0130LET\u0130\u015e\u0130M"}]},{"@type":"WebSite","@id":"https:\/\/esteforte.com\/#website","url":"https:\/\/esteforte.com\/","name":"Esteforte","description":"","publisher":{"@id":"https:\/\/esteforte.com\/#organization"},"potentialAction":[{"@type":"SearchAction","target":{"@type":"EntryPoint","urlTemplate":"https:\/\/esteforte.com\/?s={search_term_string}"},"query-input":"required name=search_term_string"}],"inLanguage":"tr"},{"@type":"Organization","@id":"https:\/\/esteforte.com\/#organization","name":"Esteforte Sa\u00e7 Ekim Merkezi","url":"https:\/\/esteforte.com\/","logo":{"@type":"ImageObject","inLanguage":"tr","@id":"https:\/\/esteforte.com\/#\/schema\/logo\/image\/","url":"https:\/\/esteforte.com\/wp-content\/uploads\/2024\/03\/cropped-logo_black.png","contentUrl":"https:\/\/esteforte.com\/wp-content\/uploads\/2024\/03\/cropped-logo_black.png","width":512,"height":512,"caption":"Esteforte Sa\u00e7 Ekim Merkezi"},"image":{"@id":"https:\/\/esteforte.com\/#\/schema\/logo\/image\/"},"sameAs":["https:\/\/www.facebook.com\/profile.php?id=61557409695226","https:\/\/www.instagram.com\/estefortee\/","https:\/\/www.linkedin.com\/in\/este-forte-255909300\/","https:\/\/www.youtube.com\/@esteforte","https:\/\/www.tiktok.com\/@estefortee"]}]}},"_links":{"self":[{"href":"https:\/\/esteforte.com\/index.php\/wp-json\/wp\/v2\/pages\/448","targetHints":{"allow":["GET"]}}],"collection":[{"href":"https:\/\/esteforte.com\/index.php\/wp-json\/wp\/v2\/pages"}],"about":[{"href":"https:\/\/esteforte.com\/index.php\/wp-json\/wp\/v2\/types\/page"}],"author":[{"embeddable":true,"href":"https:\/\/esteforte.com\/index.php\/wp-json\/wp\/v2\/users\/1"}],"replies":[{"embeddable":true,"href":"https:\/\/esteforte.com\/index.php\/wp-json\/wp\/v2\/comments?post=448"}],"version-history":[{"count":14,"href":"https:\/\/esteforte.com\/index.php\/wp-json\/wp\/v2\/pages\/448\/revisions"}],"predecessor-version":[{"id":5061,"href":"https:\/\/esteforte.com\/index.php\/wp-json\/wp\/v2\/pages\/448\/revisions\/5061"}],"wp:attachment":[{"href":"https:\/\/esteforte.com\/index.php\/wp-json\/wp\/v2\/media?parent=448"}],"curies":[{"name":"wp","href":"https:\/\/api.w.org\/{rel}","templated":true}]}}